{"id":194,"date":"2024-12-11T13:30:13","date_gmt":"2024-12-11T13:30:13","guid":{"rendered":"https:\/\/kyyhkylanpaivakoti.fi\/?page_id=194"},"modified":"2024-12-11T13:30:13","modified_gmt":"2024-12-11T13:30:13","slug":"varhaiskasvatushakemus","status":"publish","type":"page","link":"https:\/\/kyyhkylanpaivakoti.fi\/index.php\/varhaiskasvatushakemus\/","title":{"rendered":"Varhaiskasvatushakemus"},"content":{"rendered":"\n<div style=\"height:50px\" aria-hidden=\"true\" class=\"wp-block-spacer\"><\/div>\n\n\n<h2 class=\"has-text-align-center wp-block-post-title\">Varhaiskasvatushakemus<\/h2>\n\n\n<div style=\"height:63px\" aria-hidden=\"true\" class=\"wp-block-spacer\"><\/div>\n\n\n\n<div class=\"wp-block-contact-form-7-contact-form-selector\">\n<div class=\"wpcf7 no-js\" id=\"wpcf7-f196-o1\" lang=\"fi\" dir=\"ltr\" data-wpcf7-id=\"196\">\n<div class=\"screen-reader-response\"><p role=\"status\" aria-live=\"polite\" aria-atomic=\"true\"><\/p> <ul><\/ul><\/div>\n<form action=\"\/index.php\/wp-json\/wp\/v2\/pages\/194#wpcf7-f196-o1\" method=\"post\" class=\"wpcf7-form init\" aria-label=\"Yhteydenottolomake\" novalidate=\"novalidate\" data-status=\"init\">\n<fieldset class=\"hidden-fields-container\"><input type=\"hidden\" name=\"_wpcf7\" value=\"196\" \/><input type=\"hidden\" name=\"_wpcf7_version\" value=\"6.1.5\" \/><input type=\"hidden\" name=\"_wpcf7_locale\" value=\"fi\" \/><input type=\"hidden\" name=\"_wpcf7_unit_tag\" value=\"wpcf7-f196-o1\" \/><input type=\"hidden\" name=\"_wpcf7_container_post\" value=\"0\" \/><input type=\"hidden\" name=\"_wpcf7_posted_data_hash\" value=\"\" \/>\n<\/fieldset>\n<h3>Lapsen henkil\u00f6tiedot\n<\/h3>\n<p><label> Etunimet<br \/>\n<span class=\"wpcf7-form-control-wrap\" data-name=\"your-firstname\"><input size=\"40\" maxlength=\"400\" class=\"wpcf7-form-control wpcf7-text wpcf7-validates-as-required\" autocomplete=\"your-firstname\" aria-required=\"true\" aria-invalid=\"false\" value=\"\" type=\"text\" name=\"your-firstname\" \/><\/span> <\/label>\n<\/p>\n<p><label> Sukunimi<br \/>\n<span class=\"wpcf7-form-control-wrap\" data-name=\"your-surname\"><input size=\"40\" maxlength=\"400\" class=\"wpcf7-form-control wpcf7-text wpcf7-validates-as-required\" autocomplete=\"your-surname\" aria-required=\"true\" aria-invalid=\"false\" value=\"\" type=\"text\" name=\"your-surname\" \/><\/span> <\/label>\n<\/p>\n<p><label> Henkil\u00f6tunnus<br \/>\n<span class=\"wpcf7-form-control-wrap\" data-name=\"henkilotunnus\"><input size=\"40\" maxlength=\"400\" class=\"wpcf7-form-control wpcf7-text\" autocomplete=\"henkilotunnus\" aria-invalid=\"false\" value=\"\" type=\"text\" name=\"henkilotunnus\" \/><\/span> <\/label>\n<\/p>\n<p><label> L\u00e4hiosoite, postinumero ja postitoimipaikka<br \/>\n<span class=\"wpcf7-form-control-wrap\" data-name=\"address\"><input size=\"40\" maxlength=\"400\" class=\"wpcf7-form-control wpcf7-text wpcf7-validates-as-required\" autocomplete=\"address\" aria-required=\"true\" aria-invalid=\"false\" value=\"\" type=\"text\" name=\"address\" \/><\/span> <\/label>\n<\/p>\n<p><label> Kotikunta<br \/>\n<span class=\"wpcf7-form-control-wrap\" data-name=\"kotikunta\"><input size=\"40\" maxlength=\"400\" class=\"wpcf7-form-control wpcf7-text wpcf7-validates-as-required\" autocomplete=\"kotikunta\" aria-required=\"true\" aria-invalid=\"false\" value=\"\" type=\"text\" name=\"kotikunta\" \/><\/span> <\/label>\n<\/p>\n<p><label> Puhelin kotiin<br \/>\n<span class=\"wpcf7-form-control-wrap\" data-name=\"puhelin\"><input size=\"40\" maxlength=\"400\" class=\"wpcf7-form-control wpcf7-text wpcf7-validates-as-required\" autocomplete=\"puhelin\" aria-required=\"true\" aria-invalid=\"false\" value=\"\" type=\"text\" name=\"puhelin\" \/><\/span> <\/label>\n<\/p>\n<p><label> \u00c4idinkieli<br \/>\n<span class=\"wpcf7-form-control-wrap\" data-name=\"kieli-125\"><select class=\"wpcf7-form-control wpcf7-select\" aria-invalid=\"false\" name=\"kieli-125\"><option value=\"\">Valitse kieli<\/option><option value=\"suomi\">suomi<\/option><option value=\"ruotsi\">ruotsi<\/option><option value=\"muu kieli, mik\u00e4\">muu kieli, mik\u00e4<\/option><\/select><\/span> <\/label>\n<\/p>\n<p><label> Muu \u00e4idinkieli<br \/>\n<span class=\"wpcf7-form-control-wrap\" data-name=\"muukieli\"><input size=\"40\" maxlength=\"400\" class=\"wpcf7-form-control wpcf7-text\" autocomplete=\"muukieli\" aria-invalid=\"false\" value=\"\" type=\"text\" name=\"muukieli\" \/><\/span> <\/label>\n<\/p>\n<h4>Onko kotona lemmikkiel\u00e4in?\n<\/h4>\n<p><span class=\"wpcf7-form-control-wrap\" data-name=\"lemmikki-144\"><span class=\"wpcf7-form-control wpcf7-radio\"><span class=\"wpcf7-list-item first\"><label><input type=\"radio\" name=\"lemmikki-144\" value=\"Ei\" \/><span class=\"wpcf7-list-item-label\">Ei<\/span><\/label><\/span><span class=\"wpcf7-list-item last\"><label><input type=\"radio\" name=\"lemmikki-144\" value=\"On\" \/><span class=\"wpcf7-list-item-label\">On<\/span><\/label><\/span><\/span><\/span>\n<\/p>\n<p><label> Jos kotona on lemmikki, mik\u00e4?<br \/>\n<span class=\"wpcf7-form-control-wrap\" data-name=\"lemmikki\"><input size=\"40\" maxlength=\"400\" class=\"wpcf7-form-control wpcf7-text\" autocomplete=\"lemmikki\" aria-invalid=\"false\" value=\"\" type=\"text\" name=\"lemmikki\" \/><\/span> <\/label>\n<\/p>\n<h3>Huoltajien henkil\u00f6tiedot\n<\/h3>\n<p><label> Etunimet<br \/>\n<span class=\"wpcf7-form-control-wrap\" data-name=\"your-etunimet_h\"><input size=\"40\" maxlength=\"400\" class=\"wpcf7-form-control wpcf7-text wpcf7-validates-as-required\" aria-required=\"true\" aria-invalid=\"false\" value=\"\" type=\"text\" name=\"your-etunimet_h\" \/><\/span> <\/label>\n<\/p>\n<p><label> Sukunimi<br \/>\n<span class=\"wpcf7-form-control-wrap\" data-name=\"your-sukunimi_h\"><input size=\"40\" maxlength=\"400\" class=\"wpcf7-form-control wpcf7-text wpcf7-validates-as-required\" aria-required=\"true\" aria-invalid=\"false\" value=\"\" type=\"text\" name=\"your-sukunimi_h\" \/><\/span> <\/label>\n<\/p>\n<p><label> Henkil\u00f6tunnus<br \/>\n<span class=\"wpcf7-form-control-wrap\" data-name=\"hetu_h\"><input size=\"40\" maxlength=\"400\" class=\"wpcf7-form-control wpcf7-text wpcf7-validates-as-required\" aria-required=\"true\" aria-invalid=\"false\" value=\"\" type=\"text\" name=\"hetu_h\" \/><\/span> <\/label>\n<\/p>\n<p><label> Ammatti<br \/>\n<span class=\"wpcf7-form-control-wrap\" data-name=\"ammatti\"><input size=\"40\" maxlength=\"400\" class=\"wpcf7-form-control wpcf7-text wpcf7-validates-as-required\" autocomplete=\"ammatti\" aria-required=\"true\" aria-invalid=\"false\" value=\"\" type=\"text\" name=\"ammatti\" \/><\/span> <\/label>\n<\/p>\n<p><label> Nykyinen ty\u00f6-\/opiskelupaikka<br \/>\n<span class=\"wpcf7-form-control-wrap\" data-name=\"tyo\"><input size=\"40\" maxlength=\"400\" class=\"wpcf7-form-control wpcf7-text wpcf7-validates-as-required\" autocomplete=\"tyo\" aria-required=\"true\" aria-invalid=\"false\" value=\"\" type=\"text\" name=\"tyo\" \/><\/span> <\/label>\n<\/p>\n<p><label> Ty\u00f6aika (esim. 07:00-15:00)<br \/>\n<span class=\"wpcf7-form-control-wrap\" data-name=\"tyoaika\"><input size=\"40\" maxlength=\"400\" class=\"wpcf7-form-control wpcf7-text wpcf7-validates-as-required\" autocomplete=\"tyoaika\" aria-required=\"true\" aria-invalid=\"false\" value=\"\" type=\"text\" name=\"tyoaika\" \/><\/span> <\/label>\n<\/p>\n<p><label> Ty\u00f6paikan osoite ja puhelin<br \/>\n<span class=\"wpcf7-form-control-wrap\" data-name=\"tyo_osoite\"><input size=\"40\" maxlength=\"400\" class=\"wpcf7-form-control wpcf7-text wpcf7-validates-as-required\" aria-required=\"true\" aria-invalid=\"false\" value=\"\" type=\"text\" name=\"tyo_osoite\" \/><\/span> <\/label>\n<\/p>\n<p><label> S\u00e4hk\u00f6postiosoite<br \/>\n<span class=\"wpcf7-form-control-wrap\" data-name=\"your-email\"><input size=\"40\" maxlength=\"400\" class=\"wpcf7-form-control wpcf7-text wpcf7-validates-as-required\" autocomplete=\"your-email\" aria-required=\"true\" aria-invalid=\"false\" value=\"\" type=\"text\" name=\"your-email\" \/><\/span> <\/label>\n<\/p>\n<h3>Puoliso\/avopuoliso\n<\/h3>\n<p><label> Etunimet<br \/>\n<span class=\"wpcf7-form-control-wrap\" data-name=\"your-etunimet_h2\"><input size=\"40\" maxlength=\"400\" class=\"wpcf7-form-control wpcf7-text wpcf7-validates-as-required\" aria-required=\"true\" aria-invalid=\"false\" value=\"\" type=\"text\" name=\"your-etunimet_h2\" \/><\/span> <\/label>\n<\/p>\n<p><label> Sukunimi<br \/>\n<span class=\"wpcf7-form-control-wrap\" data-name=\"your-sukunimi_h2\"><input size=\"40\" maxlength=\"400\" class=\"wpcf7-form-control wpcf7-text wpcf7-validates-as-required\" aria-required=\"true\" aria-invalid=\"false\" value=\"\" type=\"text\" name=\"your-sukunimi_h2\" \/><\/span> <\/label>\n<\/p>\n<p><label> Henkil\u00f6tunnus<br \/>\n<span class=\"wpcf7-form-control-wrap\" data-name=\"hetu_h2\"><input size=\"40\" maxlength=\"400\" class=\"wpcf7-form-control wpcf7-text wpcf7-validates-as-required\" aria-required=\"true\" aria-invalid=\"false\" value=\"\" type=\"text\" name=\"hetu_h2\" \/><\/span> <\/label>\n<\/p>\n<p><label> Ammatti<br \/>\n<span class=\"wpcf7-form-control-wrap\" data-name=\"ammatti2\"><input size=\"40\" maxlength=\"400\" class=\"wpcf7-form-control wpcf7-text wpcf7-validates-as-required\" aria-required=\"true\" aria-invalid=\"false\" value=\"\" type=\"text\" name=\"ammatti2\" \/><\/span> <\/label>\n<\/p>\n<p><label> Nykyinen ty\u00f6-\/opiskelupaikka<br \/>\n<span class=\"wpcf7-form-control-wrap\" data-name=\"tyo2\"><input size=\"40\" maxlength=\"400\" class=\"wpcf7-form-control wpcf7-text wpcf7-validates-as-required\" aria-required=\"true\" aria-invalid=\"false\" value=\"\" type=\"text\" name=\"tyo2\" \/><\/span> <\/label>\n<\/p>\n<p><label> Ty\u00f6aika (esim. 07:00-15:00)<br \/>\n<span class=\"wpcf7-form-control-wrap\" data-name=\"tyoaika2\"><input size=\"40\" maxlength=\"400\" class=\"wpcf7-form-control wpcf7-text wpcf7-validates-as-required\" aria-required=\"true\" aria-invalid=\"false\" value=\"\" type=\"text\" name=\"tyoaika2\" \/><\/span> <\/label>\n<\/p>\n<p><label> Ty\u00f6paikan osoite ja puhelin<br \/>\n<span class=\"wpcf7-form-control-wrap\" data-name=\"tyo_osoite2\"><input size=\"40\" maxlength=\"400\" class=\"wpcf7-form-control wpcf7-text wpcf7-validates-as-required\" aria-required=\"true\" aria-invalid=\"false\" value=\"\" type=\"text\" name=\"tyo_osoite2\" \/><\/span> <\/label>\n<\/p>\n<p><label> S\u00e4hk\u00f6postiosoite<br \/>\n<span class=\"wpcf7-form-control-wrap\" data-name=\"sahkoposti_h2\"><input size=\"40\" maxlength=\"400\" class=\"wpcf7-form-control wpcf7-text wpcf7-validates-as-required\" aria-required=\"true\" aria-invalid=\"false\" value=\"\" type=\"text\" name=\"sahkoposti_h2\" \/><\/span> <\/label>\n<\/p>\n<h3>Perhesuhde\n<\/h3>\n<p><label> <span class=\"wpcf7-form-control-wrap\" data-name=\"perhesuhde-876\"><select class=\"wpcf7-form-control wpcf7-select\" aria-invalid=\"false\" name=\"perhesuhde-876\"><option value=\"\">Valitse<\/option><option value=\"Naimaton\">Naimaton<\/option><option value=\"Avioliitossa\">Avioliitossa<\/option><option value=\"Avoliitossa\">Avoliitossa<\/option><option value=\"Leski\">Leski<\/option><option value=\"Asumuserossa\">Asumuserossa<\/option><option value=\"Eronnut\">Eronnut<\/option><option value=\"Muu huoltaja\">Muu huoltaja<\/option><\/select><\/span> <\/label>\n<\/p>\n<h3>Toivottu p\u00e4iv\u00e4hoitomuoto\n<\/h3>\n<p><label> <span class=\"wpcf7-form-control-wrap\" data-name=\"paivahoitomuoto\"><select class=\"wpcf7-form-control wpcf7-select\" aria-invalid=\"false\" name=\"paivahoitomuoto\"><option value=\"\">Valitse p\u00e4iv\u00e4hoitomuoto<\/option><option value=\"Kokop\u00e4iv\u00e4hoito\">Kokop\u00e4iv\u00e4hoito<\/option><option value=\"Enint\u00e4\u00e4n 12 pv\/kk p\u00e4iv\u00e4hoito\">Enint\u00e4\u00e4n 12 pv\/kk p\u00e4iv\u00e4hoito<\/option><option value=\"Enint\u00e4\u00e4n 20 h\/vko p\u00e4iv\u00e4hoito\">Enint\u00e4\u00e4n 20 h\/vko p\u00e4iv\u00e4hoito<\/option><\/select><\/span> <\/label>\n<\/p>\n<h3>Toivottu hoitoaika\n<\/h3>\n<p><label> Hoidon tarpeen alkamisp\u00e4iv\u00e4<br \/>\n<span class=\"wpcf7-form-control-wrap\" data-name=\"hoidon_alkamispv\"><input size=\"40\" maxlength=\"400\" class=\"wpcf7-form-control wpcf7-text wpcf7-validates-as-required\" aria-required=\"true\" aria-invalid=\"false\" value=\"\" type=\"text\" name=\"hoidon_alkamispv\" \/><\/span> <\/label>\n<\/p>\n<p><label> Hoitop\u00e4ivien lukum\u00e4\u00e4r\u00e4\/kk<br \/>\n<span class=\"wpcf7-form-control-wrap\" data-name=\"hoitopvmaara\"><input size=\"40\" maxlength=\"400\" class=\"wpcf7-form-control wpcf7-text wpcf7-validates-as-required\" autocomplete=\"hoitopvmaara\" aria-required=\"true\" aria-invalid=\"false\" value=\"\" type=\"text\" name=\"hoitopvmaara\" \/><\/span> <\/label>\n<\/p>\n<p><label> P\u00e4ivitt\u00e4inen hoitoaika<br \/>\n<span class=\"wpcf7-form-control-wrap\" data-name=\"hoitoaika\"><input size=\"40\" maxlength=\"400\" class=\"wpcf7-form-control wpcf7-text wpcf7-validates-as-required\" autocomplete=\"hoitoaika\" aria-required=\"true\" aria-invalid=\"false\" value=\"\" type=\"text\" name=\"hoitoaika\" \/><\/span> <\/label>\n<\/p>\n<h3>Perheen muut lapset\n<\/h3>\n<p>Kotona asuvien alle 18-vuotiaiden lasten nimet, syntym\u00e4ajat sek\u00e4 alle kouluik\u00e4isten p\u00e4iv\u00e4hoitopaikat\n<\/p>\n<p><label> <span class=\"wpcf7-form-control-wrap\" data-name=\"perheenlapset\"><textarea cols=\"40\" rows=\"10\" maxlength=\"2000\" class=\"wpcf7-form-control wpcf7-textarea\" aria-invalid=\"false\" name=\"perheenlapset\"><\/textarea><\/span> <\/label>\n<\/p>\n<h3>Lapsen terveydentila\n<\/h3>\n<p>Saako tarvittaessa olla yhteydess\u00e4 p\u00e4iv\u00e4hoidon eri yhteisty\u00f6tahojen (kuten neuvolan) kanssa lapsen kehityst\u00e4 ja terveytt\u00e4 koskevissa asioissa?\n<\/p>\n<p><span class=\"wpcf7-form-control-wrap\" data-name=\"radio-49\"><span class=\"wpcf7-form-control wpcf7-radio\"><span class=\"wpcf7-list-item first\"><label><input type=\"radio\" name=\"radio-49\" value=\"Kylla\" \/><span class=\"wpcf7-list-item-label\">Kylla<\/span><\/label><\/span><span class=\"wpcf7-list-item last\"><label><input type=\"radio\" name=\"radio-49\" value=\"Ei\" \/><span class=\"wpcf7-list-item-label\">Ei<\/span><\/label><\/span><\/span><\/span>\n<\/p>\n<h3>Mit\u00e4 lastenneuvolaa olette viimeksi k\u00e4ytt\u00e4nyt?\n<\/h3>\n<p>Lastenneuvolan nimi ja osoite:\n<\/p>\n<p><label> <span class=\"wpcf7-form-control-wrap\" data-name=\"lastenneuvolaa\"><textarea cols=\"40\" rows=\"10\" maxlength=\"2000\" class=\"wpcf7-form-control wpcf7-textarea\" aria-invalid=\"false\" name=\"lastenneuvolaa\"><\/textarea><\/span> <\/label>\n<\/p>\n<h3>Sairaudet, allergiat, ruokavalio ym\n<\/h3>\n<p><label> Onko lapsi ollut sairaalahoidossa tai jatkuvassa l\u00e4\u00e4k\u00e4rinhoidossa, milloin ja miksi?<br \/>\n<span class=\"wpcf7-form-control-wrap\" data-name=\"sairaudet\"><textarea cols=\"40\" rows=\"10\" maxlength=\"2000\" class=\"wpcf7-form-control wpcf7-textarea\" aria-invalid=\"false\" name=\"sairaudet\"><\/textarea><\/span> <\/label>\n<\/p>\n<p><label> Lis\u00e4tiedot hakemuksen perusteeksi:<br \/>\n<span class=\"wpcf7-form-control-wrap\" data-name=\"your-message\"><textarea cols=\"40\" rows=\"10\" maxlength=\"2000\" class=\"wpcf7-form-control wpcf7-textarea\" aria-invalid=\"false\" name=\"your-message\"><\/textarea><\/span> <\/label>\n<\/p>\n<p><input class=\"wpcf7-form-control wpcf7-submit has-spinner\" type=\"submit\" value=\"L\u00e4het\u00e4\" \/>\n<\/p><div class=\"wpcf7-response-output\" aria-hidden=\"true\"><\/div>\n<\/form>\n<\/div>\n<\/div>\n\n\n\n<p><\/p>\n","protected":false},"excerpt":{"rendered":"","protected":false},"author":1,"featured_media":0,"parent":0,"menu_order":0,"comment_status":"closed","ping_status":"closed","template":"","meta":{"site-sidebar-layout":"default","site-content-layout":"","ast-site-content-layout":"","site-content-style":"default","site-sidebar-style":"default","ast-global-header-display":"","ast-banner-title-visibility":"","ast-main-header-display":"","ast-hfb-above-header-display":"","ast-hfb-below-header-display":"","ast-hfb-mobile-header-display":"","site-post-title":"disabled","ast-breadcrumbs-content":"","ast-featured-img":"","footer-sml-layout":"","theme-transparent-header-meta":"","adv-header-id-meta":"","stick-header-meta":"","header-above-stick-meta":"","header-main-stick-meta":"","header-below-stick-meta":"","astra-migrate-meta-layouts":"default","ast-page-background-enabled":"default","ast-page-background-meta":{"desktop":{"background-color":"var(--ast-global-color-4)","background-image":"","background-repeat":"repeat","background-position":"center center","background-size":"auto","background-attachment":"scroll","background-type":"","background-media":"","overlay-type":"","overlay-color":"","overlay-opacity":"","overlay-gradient":""},"tablet":{"background-color":"","background-image":"","background-repeat":"repeat","background-position":"center center","background-size":"auto","background-attachment":"scroll","background-type":"","background-media":"","overlay-type":"","overlay-color":"","overlay-opacity":"","overlay-gradient":""},"mobile":{"background-color":"","background-image":"","background-repeat":"repeat","background-position":"center center","background-size":"auto","background-attachment":"scroll","background-type":"","background-media":"","overlay-type":"","overlay-color":"","overlay-opacity":"","overlay-gradient":""}},"ast-content-background-meta":{"desktop":{"background-color":"var(--ast-global-color-5)","background-image":"","background-repeat":"repeat","background-position":"center center","background-size":"auto","background-attachment":"scroll","background-type":"","background-media":"","overlay-type":"","overlay-color":"","overlay-opacity":"","overlay-gradient":""},"tablet":{"background-color":"var(--ast-global-color-5)","background-image":"","background-repeat":"repeat","background-position":"center center","background-size":"auto","background-attachment":"scroll","background-type":"","background-media":"","overlay-type":"","overlay-color":"","overlay-opacity":"","overlay-gradient":""},"mobile":{"background-color":"var(--ast-global-color-5)","background-image":"","background-repeat":"repeat","background-position":"center center","background-size":"auto","background-attachment":"scroll","background-type":"","background-media":"","overlay-type":"","overlay-color":"","overlay-opacity":"","overlay-gradient":""}},"footnotes":""},"class_list":["post-194","page","type-page","status-publish","hentry"],"yoast_head":"<!-- This site is optimized with the Yoast SEO plugin v27.5 - https:\/\/yoast.com\/product\/yoast-seo-wordpress\/ -->\n<title>Varhaiskasvatushakemus - Kyyhkyl\u00e4n p\u00e4iv\u00e4koti<\/title>\n<meta name=\"robots\" content=\"index, follow, max-snippet:-1, max-image-preview:large, max-video-preview:-1\" \/>\n<link rel=\"canonical\" href=\"https:\/\/kyyhkylanpaivakoti.fi\/index.php\/varhaiskasvatushakemus\/\" \/>\n<meta property=\"og:locale\" content=\"fi_FI\" \/>\n<meta property=\"og:type\" content=\"article\" \/>\n<meta property=\"og:title\" content=\"Varhaiskasvatushakemus - Kyyhkyl\u00e4n p\u00e4iv\u00e4koti\" \/>\n<meta property=\"og:url\" content=\"https:\/\/kyyhkylanpaivakoti.fi\/index.php\/varhaiskasvatushakemus\/\" \/>\n<meta property=\"og:site_name\" content=\"Kyyhkyl\u00e4n p\u00e4iv\u00e4koti\" \/>\n<meta name=\"twitter:card\" content=\"summary_large_image\" \/>\n<meta name=\"twitter:label1\" content=\"Arvioitu lukuaika\" \/>\n\t<meta name=\"twitter:data1\" content=\"1 minuutti\" \/>\n<script type=\"application\/ld+json\" class=\"yoast-schema-graph\">{\"@context\":\"https:\\\/\\\/schema.org\",\"@graph\":[{\"@type\":\"WebPage\",\"@id\":\"https:\\\/\\\/kyyhkylanpaivakoti.fi\\\/index.php\\\/varhaiskasvatushakemus\\\/\",\"url\":\"https:\\\/\\\/kyyhkylanpaivakoti.fi\\\/index.php\\\/varhaiskasvatushakemus\\\/\",\"name\":\"Varhaiskasvatushakemus - Kyyhkyl\u00e4n p\u00e4iv\u00e4koti\",\"isPartOf\":{\"@id\":\"https:\\\/\\\/kyyhkylanpaivakoti.fi\\\/#website\"},\"datePublished\":\"2024-12-11T13:30:13+00:00\",\"breadcrumb\":{\"@id\":\"https:\\\/\\\/kyyhkylanpaivakoti.fi\\\/index.php\\\/varhaiskasvatushakemus\\\/#breadcrumb\"},\"inLanguage\":\"fi\",\"potentialAction\":[{\"@type\":\"ReadAction\",\"target\":[\"https:\\\/\\\/kyyhkylanpaivakoti.fi\\\/index.php\\\/varhaiskasvatushakemus\\\/\"]}]},{\"@type\":\"BreadcrumbList\",\"@id\":\"https:\\\/\\\/kyyhkylanpaivakoti.fi\\\/index.php\\\/varhaiskasvatushakemus\\\/#breadcrumb\",\"itemListElement\":[{\"@type\":\"ListItem\",\"position\":1,\"name\":\"Etusivu\",\"item\":\"https:\\\/\\\/kyyhkylanpaivakoti.fi\\\/\"},{\"@type\":\"ListItem\",\"position\":2,\"name\":\"Varhaiskasvatushakemus\"}]},{\"@type\":\"WebSite\",\"@id\":\"https:\\\/\\\/kyyhkylanpaivakoti.fi\\\/#website\",\"url\":\"https:\\\/\\\/kyyhkylanpaivakoti.fi\\\/\",\"name\":\"Kyyhkyl\u00e4n p\u00e4iv\u00e4koti\",\"description\":\"\",\"publisher\":{\"@id\":\"https:\\\/\\\/kyyhkylanpaivakoti.fi\\\/#organization\"},\"potentialAction\":[{\"@type\":\"SearchAction\",\"target\":{\"@type\":\"EntryPoint\",\"urlTemplate\":\"https:\\\/\\\/kyyhkylanpaivakoti.fi\\\/?s={search_term_string}\"},\"query-input\":{\"@type\":\"PropertyValueSpecification\",\"valueRequired\":true,\"valueName\":\"search_term_string\"}}],\"inLanguage\":\"fi\"},{\"@type\":\"Organization\",\"@id\":\"https:\\\/\\\/kyyhkylanpaivakoti.fi\\\/#organization\",\"name\":\"Kyyhkyl\u00e4n p\u00e4iv\u00e4koti\",\"url\":\"https:\\\/\\\/kyyhkylanpaivakoti.fi\\\/\",\"logo\":{\"@type\":\"ImageObject\",\"inLanguage\":\"fi\",\"@id\":\"https:\\\/\\\/kyyhkylanpaivakoti.fi\\\/#\\\/schema\\\/logo\\\/image\\\/\",\"url\":\"https:\\\/\\\/kyyhkylanpaivakoti.fi\\\/wp-content\\\/uploads\\\/2024\\\/08\\\/kyyhkyla-mobiililogo2.png\",\"contentUrl\":\"https:\\\/\\\/kyyhkylanpaivakoti.fi\\\/wp-content\\\/uploads\\\/2024\\\/08\\\/kyyhkyla-mobiililogo2.png\",\"width\":585,\"height\":451,\"caption\":\"Kyyhkyl\u00e4n p\u00e4iv\u00e4koti\"},\"image\":{\"@id\":\"https:\\\/\\\/kyyhkylanpaivakoti.fi\\\/#\\\/schema\\\/logo\\\/image\\\/\"}}]}<\/script>\n<!-- \/ Yoast SEO plugin. -->","yoast_head_json":{"title":"Varhaiskasvatushakemus - Kyyhkyl\u00e4n p\u00e4iv\u00e4koti","robots":{"index":"index","follow":"follow","max-snippet":"max-snippet:-1","max-image-preview":"max-image-preview:large","max-video-preview":"max-video-preview:-1"},"canonical":"https:\/\/kyyhkylanpaivakoti.fi\/index.php\/varhaiskasvatushakemus\/","og_locale":"fi_FI","og_type":"article","og_title":"Varhaiskasvatushakemus - Kyyhkyl\u00e4n p\u00e4iv\u00e4koti","og_url":"https:\/\/kyyhkylanpaivakoti.fi\/index.php\/varhaiskasvatushakemus\/","og_site_name":"Kyyhkyl\u00e4n p\u00e4iv\u00e4koti","twitter_card":"summary_large_image","twitter_misc":{"Arvioitu lukuaika":"1 minuutti"},"schema":{"@context":"https:\/\/schema.org","@graph":[{"@type":"WebPage","@id":"https:\/\/kyyhkylanpaivakoti.fi\/index.php\/varhaiskasvatushakemus\/","url":"https:\/\/kyyhkylanpaivakoti.fi\/index.php\/varhaiskasvatushakemus\/","name":"Varhaiskasvatushakemus - Kyyhkyl\u00e4n p\u00e4iv\u00e4koti","isPartOf":{"@id":"https:\/\/kyyhkylanpaivakoti.fi\/#website"},"datePublished":"2024-12-11T13:30:13+00:00","breadcrumb":{"@id":"https:\/\/kyyhkylanpaivakoti.fi\/index.php\/varhaiskasvatushakemus\/#breadcrumb"},"inLanguage":"fi","potentialAction":[{"@type":"ReadAction","target":["https:\/\/kyyhkylanpaivakoti.fi\/index.php\/varhaiskasvatushakemus\/"]}]},{"@type":"BreadcrumbList","@id":"https:\/\/kyyhkylanpaivakoti.fi\/index.php\/varhaiskasvatushakemus\/#breadcrumb","itemListElement":[{"@type":"ListItem","position":1,"name":"Etusivu","item":"https:\/\/kyyhkylanpaivakoti.fi\/"},{"@type":"ListItem","position":2,"name":"Varhaiskasvatushakemus"}]},{"@type":"WebSite","@id":"https:\/\/kyyhkylanpaivakoti.fi\/#website","url":"https:\/\/kyyhkylanpaivakoti.fi\/","name":"Kyyhkyl\u00e4n p\u00e4iv\u00e4koti","description":"","publisher":{"@id":"https:\/\/kyyhkylanpaivakoti.fi\/#organization"},"potentialAction":[{"@type":"SearchAction","target":{"@type":"EntryPoint","urlTemplate":"https:\/\/kyyhkylanpaivakoti.fi\/?s={search_term_string}"},"query-input":{"@type":"PropertyValueSpecification","valueRequired":true,"valueName":"search_term_string"}}],"inLanguage":"fi"},{"@type":"Organization","@id":"https:\/\/kyyhkylanpaivakoti.fi\/#organization","name":"Kyyhkyl\u00e4n p\u00e4iv\u00e4koti","url":"https:\/\/kyyhkylanpaivakoti.fi\/","logo":{"@type":"ImageObject","inLanguage":"fi","@id":"https:\/\/kyyhkylanpaivakoti.fi\/#\/schema\/logo\/image\/","url":"https:\/\/kyyhkylanpaivakoti.fi\/wp-content\/uploads\/2024\/08\/kyyhkyla-mobiililogo2.png","contentUrl":"https:\/\/kyyhkylanpaivakoti.fi\/wp-content\/uploads\/2024\/08\/kyyhkyla-mobiililogo2.png","width":585,"height":451,"caption":"Kyyhkyl\u00e4n p\u00e4iv\u00e4koti"},"image":{"@id":"https:\/\/kyyhkylanpaivakoti.fi\/#\/schema\/logo\/image\/"}}]}},"_links":{"self":[{"href":"https:\/\/kyyhkylanpaivakoti.fi\/index.php\/wp-json\/wp\/v2\/pages\/194","targetHints":{"allow":["GET"]}}],"collection":[{"href":"https:\/\/kyyhkylanpaivakoti.fi\/index.php\/wp-json\/wp\/v2\/pages"}],"about":[{"href":"https:\/\/kyyhkylanpaivakoti.fi\/index.php\/wp-json\/wp\/v2\/types\/page"}],"author":[{"embeddable":true,"href":"https:\/\/kyyhkylanpaivakoti.fi\/index.php\/wp-json\/wp\/v2\/users\/1"}],"replies":[{"embeddable":true,"href":"https:\/\/kyyhkylanpaivakoti.fi\/index.php\/wp-json\/wp\/v2\/comments?post=194"}],"version-history":[{"count":1,"href":"https:\/\/kyyhkylanpaivakoti.fi\/index.php\/wp-json\/wp\/v2\/pages\/194\/revisions"}],"predecessor-version":[{"id":197,"href":"https:\/\/kyyhkylanpaivakoti.fi\/index.php\/wp-json\/wp\/v2\/pages\/194\/revisions\/197"}],"wp:attachment":[{"href":"https:\/\/kyyhkylanpaivakoti.fi\/index.php\/wp-json\/wp\/v2\/media?parent=194"}],"curies":[{"name":"wp","href":"https:\/\/api.w.org\/{rel}","templated":true}]}}